{"id":1608,"date":"2026-02-07T12:21:22","date_gmt":"2026-02-07T11:21:22","guid":{"rendered":"https:\/\/au2mator.webtrics.at\/?page_id=1608"},"modified":"2026-02-07T13:59:23","modified_gmt":"2026-02-07T12:59:23","slug":"danke-michael","status":"publish","type":"page","link":"https:\/\/au2mator.com\/de\/danke-michael\/","title":{"rendered":"Dankesch\u00f6n &#8211; Michael Seidl"},"content":{"rendered":"\t\t<div data-elementor-type=\"wp-page\" data-elementor-id=\"1608\" class=\"elementor elementor-1608 elementor-1607\" data-elementor-post-type=\"page\">\n\t\t\t\t<div class=\"elementor-element elementor-element-76340ee e-flex e-con-boxed e-con e-parent\" data-id=\"76340ee\" data-element_type=\"container\" data-e-type=\"container\" data-settings=\"{&quot;background_background&quot;:&quot;gradient&quot;}\">\n\t\t\t\t\t<div class=\"e-con-inner\">\n\t\t<div class=\"elementor-element elementor-element-10a2d1d e-con-full e-flex e-con e-child\" data-id=\"10a2d1d\" data-element_type=\"container\" data-e-type=\"container\">\n\t\t\t\t<div class=\"elementor-element elementor-element-a76f5b8 elementor-widget elementor-widget-heading\" data-id=\"a76f5b8\" data-element_type=\"widget\" data-e-type=\"widget\" data-widget_type=\"heading.default\">\n\t\t\t\t\t<h1 class=\"elementor-heading-title elementor-size-default\">Dankesch\u00f6n - Michael Seidl<\/h1>\t\t\t\t<\/div>\n\t\t\t\t<div class=\"elementor-element elementor-element-b9f5564 elementor-widget__width-initial elementor-widget elementor-widget-text-editor\" data-id=\"b9f5564\" data-element_type=\"widget\" data-e-type=\"widget\" data-widget_type=\"text-editor.default\">\n\t\t\t\t\t\t\t\t\t<p><br>Ich habe deinen Termin gebucht und werde daf\u00fcr sorgen, dass es der beste Termin dieser Woche f\u00fcr dich wird.<\/p><p>Was passiert also, bis wir uns treffen?<\/p>\t\t\t\t\t\t\t\t<\/div>\n\t\t<div class=\"elementor-element elementor-element-4d226df e-con-full e-flex e-con e-child\" data-id=\"4d226df\" data-element_type=\"container\" data-e-type=\"container\">\n\t\t\t\t<div class=\"elementor-element elementor-element-58385b8 elementor-widget elementor-widget-image\" data-id=\"58385b8\" data-element_type=\"widget\" data-e-type=\"widget\" data-widget_type=\"image.default\">\n\t\t\t\t\t\t\t\t\t\t\t\t\t\t\t<img fetchpriority=\"high\" decoding=\"async\" width=\"200\" height=\"300\" src=\"https:\/\/au2mator.com\/wp-content\/uploads\/2026\/02\/84-Au2mator_Julian_Artner-84-200x300.jpg\" class=\"attachment-medium size-medium wp-image-1659\" alt=\"\" srcset=\"https:\/\/au2mator.com\/wp-content\/uploads\/2026\/02\/84-Au2mator_Julian_Artner-84-200x300.jpg 200w, https:\/\/au2mator.com\/wp-content\/uploads\/2026\/02\/84-Au2mator_Julian_Artner-84-683x1024.jpg 683w, https:\/\/au2mator.com\/wp-content\/uploads\/2026\/02\/84-Au2mator_Julian_Artner-84-768x1152.jpg 768w, https:\/\/au2mator.com\/wp-content\/uploads\/2026\/02\/84-Au2mator_Julian_Artner-84-1024x1536.jpg 1024w, https:\/\/au2mator.com\/wp-content\/uploads\/2026\/02\/84-Au2mator_Julian_Artner-84-1365x2048.jpg 1365w, https:\/\/au2mator.com\/wp-content\/uploads\/2026\/02\/84-Au2mator_Julian_Artner-84-scaled.jpg 1707w\" sizes=\"(max-width: 200px) 100vw, 200px\" \/>\t\t\t\t\t\t\t\t\t\t\t\t\t\t\t<\/div>\n\t\t\t\t<div class=\"elementor-element elementor-element-839eb4a elementor-icon-list--layout-traditional elementor-list-item-link-full_width elementor-widget elementor-widget-icon-list\" data-id=\"839eb4a\" data-element_type=\"widget\" data-e-type=\"widget\" data-widget_type=\"icon-list.default\">\n\t\t\t\t\t\t\t<ul class=\"elementor-icon-list-items\">\n\t\t\t\t\t\t\t<li class=\"elementor-icon-list-item\">\n\t\t\t\t\t\t\t\t\t\t\t<span class=\"elementor-icon-list-icon\">\n\t\t\t\t\t\t\t<svg aria-hidden=\"true\" class=\"e-font-icon-svg e-fas-check\" viewBox=\"0 0 512 512\" xmlns=\"http:\/\/www.w3.org\/2000\/svg\"><path d=\"M173.898 439.404l-166.4-166.4c-9.997-9.997-9.997-26.206 0-36.204l36.203-36.204c9.997-9.998 26.207-9.998 36.204 0L192 312.69 432.095 72.596c9.997-9.997 26.207-9.997 36.204 0l36.203 36.204c9.997 9.997 9.997 26.206 0 36.204l-294.4 294.401c-9.998 9.997-26.207 9.997-36.204-.001z\"><\/path><\/svg>\t\t\t\t\t\t<\/span>\n\t\t\t\t\t\t\t\t\t\t<span class=\"elementor-icon-list-text\">Ich habe den Termin in meinem Kalender eingetragen.<\/span>\n\t\t\t\t\t\t\t\t\t<\/li>\n\t\t\t\t\t\t\t\t<li class=\"elementor-icon-list-item\">\n\t\t\t\t\t\t\t\t\t\t\t<span class=\"elementor-icon-list-icon\">\n\t\t\t\t\t\t\t<svg aria-hidden=\"true\" class=\"e-font-icon-svg e-fas-check\" viewBox=\"0 0 512 512\" xmlns=\"http:\/\/www.w3.org\/2000\/svg\"><path d=\"M173.898 439.404l-166.4-166.4c-9.997-9.997-9.997-26.206 0-36.204l36.203-36.204c9.997-9.998 26.207-9.998 36.204 0L192 312.69 432.095 72.596c9.997-9.997 26.207-9.997 36.204 0l36.203 36.204c9.997 9.997 9.997 26.206 0 36.204l-294.4 294.401c-9.998 9.997-26.207 9.997-36.204-.001z\"><\/path><\/svg>\t\t\t\t\t\t<\/span>\n\t\t\t\t\t\t\t\t\t\t<span class=\"elementor-icon-list-text\">Ich habe dir bereits eine Teams-Einladung gesendet.<\/span>\n\t\t\t\t\t\t\t\t\t<\/li>\n\t\t\t\t\t\t\t\t<li class=\"elementor-icon-list-item\">\n\t\t\t\t\t\t\t\t\t\t\t<span class=\"elementor-icon-list-icon\">\n\t\t\t\t\t\t\t<svg aria-hidden=\"true\" class=\"e-font-icon-svg e-fas-check\" viewBox=\"0 0 512 512\" xmlns=\"http:\/\/www.w3.org\/2000\/svg\"><path d=\"M173.898 439.404l-166.4-166.4c-9.997-9.997-9.997-26.206 0-36.204l36.203-36.204c9.997-9.998 26.207-9.998 36.204 0L192 312.69 432.095 72.596c9.997-9.997 26.207-9.997 36.204 0l36.203 36.204c9.997 9.997 9.997 26.206 0 36.204l-294.4 294.401c-9.998 9.997-26.207 9.997-36.204-.001z\"><\/path><\/svg>\t\t\t\t\t\t<\/span>\n\t\t\t\t\t\t\t\t\t\t<span class=\"elementor-icon-list-text\">Ich sende dir einen Tag vor unserem Treffen eine Erinnerung.<\/span>\n\t\t\t\t\t\t\t\t\t<\/li>\n\t\t\t\t\t\t\t\t<li class=\"elementor-icon-list-item\">\n\t\t\t\t\t\t\t\t\t\t\t<span class=\"elementor-icon-list-icon\">\n\t\t\t\t\t\t\t<svg aria-hidden=\"true\" class=\"e-font-icon-svg e-fas-check\" viewBox=\"0 0 512 512\" xmlns=\"http:\/\/www.w3.org\/2000\/svg\"><path d=\"M173.898 439.404l-166.4-166.4c-9.997-9.997-9.997-26.206 0-36.204l36.203-36.204c9.997-9.998 26.207-9.998 36.204 0L192 312.69 432.095 72.596c9.997-9.997 26.207-9.997 36.204 0l36.203 36.204c9.997 9.997 9.997 26.206 0 36.204l-294.4 294.401c-9.998 9.997-26.207 9.997-36.204-.001z\"><\/path><\/svg>\t\t\t\t\t\t<\/span>\n\t\t\t\t\t\t\t\t\t\t<span class=\"elementor-icon-list-text\">Ich werde alles f\u00fcr diesen Termin vorbereiten<\/span>\n\t\t\t\t\t\t\t\t\t<\/li>\n\t\t\t\t\t\t\t\t<li class=\"elementor-icon-list-item\">\n\t\t\t\t\t\t\t\t\t\t\t<span class=\"elementor-icon-list-icon\">\n\t\t\t\t\t\t\t<svg aria-hidden=\"true\" class=\"e-font-icon-svg e-fas-check\" viewBox=\"0 0 512 512\" xmlns=\"http:\/\/www.w3.org\/2000\/svg\"><path d=\"M173.898 439.404l-166.4-166.4c-9.997-9.997-9.997-26.206 0-36.204l36.203-36.204c9.997-9.998 26.207-9.998 36.204 0L192 312.69 432.095 72.596c9.997-9.997 26.207-9.997 36.204 0l36.203 36.204c9.997 9.997 9.997 26.206 0 36.204l-294.4 294.401c-9.998 9.997-26.207 9.997-36.204-.001z\"><\/path><\/svg>\t\t\t\t\t\t<\/span>\n\t\t\t\t\t\t\t\t\t\t<span class=\"elementor-icon-list-text\">Ich freue mich darauf, dich kennenzulernen.<\/span>\n\t\t\t\t\t\t\t\t\t<\/li>\n\t\t\t\t\t\t<\/ul>\n\t\t\t\t\t\t<\/div>\n\t\t\t\t<\/div>\n\t\t\t\t<\/div>\n\t\t\t\t\t<\/div>\n\t\t\t\t<\/div>\n\t\t<div class=\"elementor-element elementor-element-9aec612 e-flex e-con-boxed e-con e-parent\" data-id=\"9aec612\" data-element_type=\"container\" data-e-type=\"container\">\n\t\t\t\t\t<div class=\"e-con-inner\">\n\t\t\t\t\t<\/div>\n\t\t\t\t<\/div>\n\t\t<div class=\"elementor-element elementor-element-4206e7a e-flex e-con-boxed e-con e-parent\" data-id=\"4206e7a\" data-element_type=\"container\" data-e-type=\"container\">\n\t\t\t\t\t<div class=\"e-con-inner\">\n\t\t\t\t\t<\/div>\n\t\t\t\t<\/div>\n\t\t\t\t<\/div>\n\t\t","protected":false},"excerpt":{"rendered":"<p>Dankesch\u00f6n &#8211; Michael Seidl Ich habe deinen Termin gebucht und werde daf\u00fcr sorgen, dass es der beste Termin dieser Woche f\u00fcr dich wird. Was passiert also, bis wir uns treffen? Ich freue mich darauf, dich kennenzulernen.<\/p>\n","protected":false},"author":2,"featured_media":0,"parent":0,"menu_order":0,"comment_status":"closed","ping_status":"closed","template":"elementor_header_footer","meta":{"inline_featured_image":false,"footnotes":""},"class_list":["post-1608","page","type-page","status-publish","hentry"],"yoast_head":"<!-- This site is optimized with the Yoast SEO plugin v27.1.1 - https:\/\/yoast.com\/product\/yoast-seo-wordpress\/ -->\n<title>Dankesch\u00f6n - Michael Seidl - au2mator<\/title>\n<meta name=\"robots\" content=\"index, follow, max-snippet:-1, max-image-preview:large, max-video-preview:-1\" \/>\n<link rel=\"canonical\" href=\"https:\/\/au2mator.com\/de\/danke-michael\/\" \/>\n<meta property=\"og:locale\" content=\"de_DE\" \/>\n<meta property=\"og:type\" content=\"article\" \/>\n<meta property=\"og:title\" content=\"Dankesch\u00f6n - Michael Seidl - au2mator\" \/>\n<meta property=\"og:description\" content=\"Dankesch\u00f6n &#8211; Michael Seidl Ich habe deinen Termin gebucht und werde daf\u00fcr sorgen, dass es der beste Termin dieser Woche f\u00fcr dich wird. Was passiert also, bis wir uns treffen? Ich freue mich darauf, dich kennenzulernen.\" \/>\n<meta property=\"og:url\" content=\"https:\/\/au2mator.com\/de\/danke-michael\/\" \/>\n<meta property=\"og:site_name\" content=\"au2mator\" \/>\n<meta property=\"article:modified_time\" content=\"2026-02-07T12:59:23+00:00\" \/>\n<meta property=\"og:image\" content=\"https:\/\/au2mator.webtrics.at\/wp-content\/uploads\/2026\/02\/84-Au2mator_Julian_Artner-84-200x300.jpg\" \/>\n<meta name=\"twitter:card\" content=\"summary_large_image\" \/>\n<script type=\"application\/ld+json\" class=\"yoast-schema-graph\">{\"@context\":\"https:\/\/schema.org\",\"@graph\":[{\"@type\":\"WebPage\",\"@id\":\"https:\/\/au2mator.com\/de\/danke-michael\/\",\"url\":\"https:\/\/au2mator.com\/de\/danke-michael\/\",\"name\":\"Dankesch\u00f6n - Michael Seidl - au2mator\",\"isPartOf\":{\"@id\":\"https:\/\/au2mator.com\/de\/#website\"},\"primaryImageOfPage\":{\"@id\":\"https:\/\/au2mator.com\/de\/danke-michael\/#primaryimage\"},\"image\":{\"@id\":\"https:\/\/au2mator.com\/de\/danke-michael\/#primaryimage\"},\"thumbnailUrl\":\"https:\/\/au2mator.webtrics.at\/wp-content\/uploads\/2026\/02\/84-Au2mator_Julian_Artner-84-200x300.jpg\",\"datePublished\":\"2026-02-07T11:21:22+00:00\",\"dateModified\":\"2026-02-07T12:59:23+00:00\",\"breadcrumb\":{\"@id\":\"https:\/\/au2mator.com\/de\/danke-michael\/#breadcrumb\"},\"inLanguage\":\"de\",\"potentialAction\":[{\"@type\":\"ReadAction\",\"target\":[\"https:\/\/au2mator.com\/de\/danke-michael\/\"]}]},{\"@type\":\"ImageObject\",\"inLanguage\":\"de\",\"@id\":\"https:\/\/au2mator.com\/de\/danke-michael\/#primaryimage\",\"url\":\"https:\/\/au2mator.webtrics.at\/wp-content\/uploads\/2026\/02\/84-Au2mator_Julian_Artner-84-200x300.jpg\",\"contentUrl\":\"https:\/\/au2mator.webtrics.at\/wp-content\/uploads\/2026\/02\/84-Au2mator_Julian_Artner-84-200x300.jpg\"},{\"@type\":\"BreadcrumbList\",\"@id\":\"https:\/\/au2mator.com\/de\/danke-michael\/#breadcrumb\",\"itemListElement\":[{\"@type\":\"ListItem\",\"position\":1,\"name\":\"Startseite\",\"item\":\"https:\/\/au2mator.com\/de\/home\/\"},{\"@type\":\"ListItem\",\"position\":2,\"name\":\"Dankesch\u00f6n &#8211; Michael Seidl\"}]},{\"@type\":\"WebSite\",\"@id\":\"https:\/\/au2mator.com\/de\/#website\",\"url\":\"https:\/\/au2mator.com\/de\/\",\"name\":\"au2mator\",\"description\":\"\",\"publisher\":{\"@id\":\"https:\/\/au2mator.com\/de\/#organization\"},\"potentialAction\":[{\"@type\":\"SearchAction\",\"target\":{\"@type\":\"EntryPoint\",\"urlTemplate\":\"https:\/\/au2mator.com\/de\/?s={search_term_string}\"},\"query-input\":{\"@type\":\"PropertyValueSpecification\",\"valueRequired\":true,\"valueName\":\"search_term_string\"}}],\"inLanguage\":\"de\"},{\"@type\":\"Organization\",\"@id\":\"https:\/\/au2mator.com\/de\/#organization\",\"name\":\"au2mator\",\"url\":\"https:\/\/au2mator.com\/de\/\",\"logo\":{\"@type\":\"ImageObject\",\"inLanguage\":\"de\",\"@id\":\"https:\/\/au2mator.com\/de\/#\/schema\/logo\/image\/\",\"url\":\"https:\/\/au2mator.com\/wp-content\/uploads\/2026\/01\/HPLogoau2mator-2.png\",\"contentUrl\":\"https:\/\/au2mator.com\/wp-content\/uploads\/2026\/01\/HPLogoau2mator-2.png\",\"width\":396,\"height\":86,\"caption\":\"au2mator\"},\"image\":{\"@id\":\"https:\/\/au2mator.com\/de\/#\/schema\/logo\/image\/\"},\"sameAs\":[\"https:\/\/www.youtube.com\/channel\/UCUdkfOxKtCj0_21WjRv5q-w\",\"https:\/\/www.linkedin.com\/company\/au2mator\/\"]}]}<\/script>\n<!-- \/ Yoast SEO plugin. -->","yoast_head_json":{"title":"Dankesch\u00f6n - Michael Seidl - au2mator","robots":{"index":"index","follow":"follow","max-snippet":"max-snippet:-1","max-image-preview":"max-image-preview:large","max-video-preview":"max-video-preview:-1"},"canonical":"https:\/\/au2mator.com\/de\/danke-michael\/","og_locale":"de_DE","og_type":"article","og_title":"Dankesch\u00f6n - Michael Seidl - au2mator","og_description":"Dankesch\u00f6n &#8211; Michael Seidl Ich habe deinen Termin gebucht und werde daf\u00fcr sorgen, dass es der beste Termin dieser Woche f\u00fcr dich wird. Was passiert also, bis wir uns treffen? Ich freue mich darauf, dich kennenzulernen.","og_url":"https:\/\/au2mator.com\/de\/danke-michael\/","og_site_name":"au2mator","article_modified_time":"2026-02-07T12:59:23+00:00","og_image":[{"url":"https:\/\/au2mator.webtrics.at\/wp-content\/uploads\/2026\/02\/84-Au2mator_Julian_Artner-84-200x300.jpg","type":"","width":"","height":""}],"twitter_card":"summary_large_image","schema":{"@context":"https:\/\/schema.org","@graph":[{"@type":"WebPage","@id":"https:\/\/au2mator.com\/de\/danke-michael\/","url":"https:\/\/au2mator.com\/de\/danke-michael\/","name":"Dankesch\u00f6n - Michael Seidl - au2mator","isPartOf":{"@id":"https:\/\/au2mator.com\/de\/#website"},"primaryImageOfPage":{"@id":"https:\/\/au2mator.com\/de\/danke-michael\/#primaryimage"},"image":{"@id":"https:\/\/au2mator.com\/de\/danke-michael\/#primaryimage"},"thumbnailUrl":"https:\/\/au2mator.webtrics.at\/wp-content\/uploads\/2026\/02\/84-Au2mator_Julian_Artner-84-200x300.jpg","datePublished":"2026-02-07T11:21:22+00:00","dateModified":"2026-02-07T12:59:23+00:00","breadcrumb":{"@id":"https:\/\/au2mator.com\/de\/danke-michael\/#breadcrumb"},"inLanguage":"de","potentialAction":[{"@type":"ReadAction","target":["https:\/\/au2mator.com\/de\/danke-michael\/"]}]},{"@type":"ImageObject","inLanguage":"de","@id":"https:\/\/au2mator.com\/de\/danke-michael\/#primaryimage","url":"https:\/\/au2mator.webtrics.at\/wp-content\/uploads\/2026\/02\/84-Au2mator_Julian_Artner-84-200x300.jpg","contentUrl":"https:\/\/au2mator.webtrics.at\/wp-content\/uploads\/2026\/02\/84-Au2mator_Julian_Artner-84-200x300.jpg"},{"@type":"BreadcrumbList","@id":"https:\/\/au2mator.com\/de\/danke-michael\/#breadcrumb","itemListElement":[{"@type":"ListItem","position":1,"name":"Startseite","item":"https:\/\/au2mator.com\/de\/home\/"},{"@type":"ListItem","position":2,"name":"Dankesch\u00f6n &#8211; Michael Seidl"}]},{"@type":"WebSite","@id":"https:\/\/au2mator.com\/de\/#website","url":"https:\/\/au2mator.com\/de\/","name":"au2mator","description":"","publisher":{"@id":"https:\/\/au2mator.com\/de\/#organization"},"potentialAction":[{"@type":"SearchAction","target":{"@type":"EntryPoint","urlTemplate":"https:\/\/au2mator.com\/de\/?s={search_term_string}"},"query-input":{"@type":"PropertyValueSpecification","valueRequired":true,"valueName":"search_term_string"}}],"inLanguage":"de"},{"@type":"Organization","@id":"https:\/\/au2mator.com\/de\/#organization","name":"au2mator","url":"https:\/\/au2mator.com\/de\/","logo":{"@type":"ImageObject","inLanguage":"de","@id":"https:\/\/au2mator.com\/de\/#\/schema\/logo\/image\/","url":"https:\/\/au2mator.com\/wp-content\/uploads\/2026\/01\/HPLogoau2mator-2.png","contentUrl":"https:\/\/au2mator.com\/wp-content\/uploads\/2026\/01\/HPLogoau2mator-2.png","width":396,"height":86,"caption":"au2mator"},"image":{"@id":"https:\/\/au2mator.com\/de\/#\/schema\/logo\/image\/"},"sameAs":["https:\/\/www.youtube.com\/channel\/UCUdkfOxKtCj0_21WjRv5q-w","https:\/\/www.linkedin.com\/company\/au2mator\/"]}]}},"_links":{"self":[{"href":"https:\/\/au2mator.com\/de\/wp-json\/wp\/v2\/pages\/1608","targetHints":{"allow":["GET"]}}],"collection":[{"href":"https:\/\/au2mator.com\/de\/wp-json\/wp\/v2\/pages"}],"about":[{"href":"https:\/\/au2mator.com\/de\/wp-json\/wp\/v2\/types\/page"}],"author":[{"embeddable":true,"href":"https:\/\/au2mator.com\/de\/wp-json\/wp\/v2\/users\/2"}],"replies":[{"embeddable":true,"href":"https:\/\/au2mator.com\/de\/wp-json\/wp\/v2\/comments?post=1608"}],"version-history":[{"count":7,"href":"https:\/\/au2mator.com\/de\/wp-json\/wp\/v2\/pages\/1608\/revisions"}],"predecessor-version":[{"id":1686,"href":"https:\/\/au2mator.com\/de\/wp-json\/wp\/v2\/pages\/1608\/revisions\/1686"}],"wp:attachment":[{"href":"https:\/\/au2mator.com\/de\/wp-json\/wp\/v2\/media?parent=1608"}],"curies":[{"name":"wp","href":"https:\/\/api.w.org\/{rel}","templated":true}]}}