{"id":1597,"date":"2026-01-20T09:14:09","date_gmt":"2026-01-20T08:14:09","guid":{"rendered":"https:\/\/au2mator.webtrics.at\/download-danke\/"},"modified":"2026-02-07T12:05:35","modified_gmt":"2026-02-07T11:05:35","slug":"download-danke","status":"publish","type":"page","link":"https:\/\/au2mator.com\/de\/download-danke\/","title":{"rendered":"Vielen Dank f\u00fcr den Download"},"content":{"rendered":"\t\t<div data-elementor-type=\"wp-page\" data-elementor-id=\"1597\" class=\"elementor elementor-1597 elementor-613\" data-elementor-post-type=\"page\">\n\t\t\t\t<div class=\"elementor-element elementor-element-7d0738d e-flex e-con-boxed e-con e-parent\" data-id=\"7d0738d\" data-element_type=\"container\" data-e-type=\"container\" data-settings=\"{&quot;background_background&quot;:&quot;gradient&quot;}\">\n\t\t\t\t\t<div class=\"e-con-inner\">\n\t\t<div class=\"elementor-element elementor-element-d1ed1e2 e-con-full e-flex e-con e-child\" data-id=\"d1ed1e2\" data-element_type=\"container\" data-e-type=\"container\">\n\t\t\t\t<div class=\"elementor-element elementor-element-f3d5d4b elementor-widget__width-initial elementor-widget elementor-widget-image\" data-id=\"f3d5d4b\" data-element_type=\"widget\" data-e-type=\"widget\" data-widget_type=\"image.default\">\n\t\t\t\t\t\t\t\t\t\t\t\t\t\t\t<img fetchpriority=\"high\" decoding=\"async\" width=\"600\" height=\"242\" src=\"https:\/\/au2mator.com\/wp-content\/uploads\/2026\/01\/MVP_Badge_Horizontal_Preferred_Blue3005_RGB-1-600x242-1.png\" class=\"attachment-full size-full wp-image-1250\" alt=\"\" srcset=\"https:\/\/au2mator.com\/wp-content\/uploads\/2026\/01\/MVP_Badge_Horizontal_Preferred_Blue3005_RGB-1-600x242-1.png 600w, https:\/\/au2mator.com\/wp-content\/uploads\/2026\/01\/MVP_Badge_Horizontal_Preferred_Blue3005_RGB-1-600x242-1-300x121.png 300w\" sizes=\"(max-width: 600px) 100vw, 600px\" \/>\t\t\t\t\t\t\t\t\t\t\t\t\t\t\t<\/div>\n\t\t\t\t<div class=\"elementor-element elementor-element-6e206a9 elementor-widget elementor-widget-image\" data-id=\"6e206a9\" data-element_type=\"widget\" data-e-type=\"widget\" data-widget_type=\"image.default\">\n\t\t\t\t\t\t\t\t\t\t\t\t\t\t\t<img decoding=\"async\" width=\"2560\" height=\"1707\" src=\"https:\/\/au2mator.com\/wp-content\/uploads\/2026\/01\/AdobeStock_299193276-scaled-1.jpeg\" class=\"attachment-full size-full wp-image-1272\" alt=\"\" srcset=\"https:\/\/au2mator.com\/wp-content\/uploads\/2026\/01\/AdobeStock_299193276-scaled-1.jpeg 2560w, https:\/\/au2mator.com\/wp-content\/uploads\/2026\/01\/AdobeStock_299193276-scaled-1-300x200.jpeg 300w, https:\/\/au2mator.com\/wp-content\/uploads\/2026\/01\/AdobeStock_299193276-scaled-1-1024x683.jpeg 1024w, https:\/\/au2mator.com\/wp-content\/uploads\/2026\/01\/AdobeStock_299193276-scaled-1-768x512.jpeg 768w, https:\/\/au2mator.com\/wp-content\/uploads\/2026\/01\/AdobeStock_299193276-scaled-1-1536x1024.jpeg 1536w, https:\/\/au2mator.com\/wp-content\/uploads\/2026\/01\/AdobeStock_299193276-scaled-1-2048x1366.jpeg 2048w\" sizes=\"(max-width: 2560px) 100vw, 2560px\" \/>\t\t\t\t\t\t\t\t\t\t\t\t\t\t\t<\/div>\n\t\t\t\t<\/div>\n\t\t<div class=\"elementor-element elementor-element-26c2997 e-con-full e-flex e-con e-child\" data-id=\"26c2997\" data-element_type=\"container\" data-e-type=\"container\">\n\t\t\t\t<div class=\"elementor-element elementor-element-8836798 elementor-widget elementor-widget-heading\" data-id=\"8836798\" data-element_type=\"widget\" data-e-type=\"widget\" data-widget_type=\"heading.default\">\n\t\t\t\t\t<h1 class=\"elementor-heading-title elementor-size-default\">Vielen Dank f\u00fcr den Download<\/h1>\t\t\t\t<\/div>\n\t\t\t\t<div class=\"elementor-element elementor-element-c02094d elementor-widget elementor-widget-heading\" data-id=\"c02094d\" data-element_type=\"widget\" data-e-type=\"widget\" data-widget_type=\"heading.default\">\n\t\t\t\t\t<div class=\"elementor-heading-title elementor-size-default\">Die kostenlose au2mator Community-Version<\/div>\t\t\t\t<\/div>\n\t\t\t\t<div class=\"elementor-element elementor-element-e9410f4 elementor-widget elementor-widget-text-editor\" data-id=\"e9410f4\" data-element_type=\"widget\" data-e-type=\"widget\" data-widget_type=\"text-editor.default\">\n\t\t\t\t\t\t\t\t\t<p>Sie erhalten in K\u00fcrze eine E-Mail mit einem Link zum Herunterladen des au2mator \u2013 Self-Service-Portals.<\/p><p>\u00dcberpr\u00fcfen Sie Ihren Posteingang, eine E-Mail von <strong>info@au2mator.com<\/strong> sollte dort sein.<\/p><p>\u00dcberpr\u00fcfen Sie auch den Junk- <strong>Mail-\/SPAM-<\/strong> Ordner.<\/p>\t\t\t\t\t\t\t\t<\/div>\n\t\t<div class=\"elementor-element elementor-element-4e7ecec e-con-full e-flex e-con e-child\" data-id=\"4e7ecec\" data-element_type=\"container\" data-e-type=\"container\">\n\t\t\t\t<div class=\"elementor-element elementor-element-ac7e4c1 elementor-widget elementor-widget-button\" data-id=\"ac7e4c1\" data-element_type=\"widget\" data-e-type=\"widget\" data-widget_type=\"button.default\">\n\t\t\t\t\t\t\t\t\t\t<a class=\"elementor-button elementor-button-link elementor-size-sm elementor-animation-grow\" href=\"https:\/\/au2mator.com\/de\/\">\n\t\t\t\t\t\t<span class=\"elementor-button-content-wrapper\">\n\t\t\t\t\t\t<span class=\"elementor-button-icon\">\n\t\t\t\t<svg aria-hidden=\"true\" class=\"e-font-icon-svg e-fas-home\" viewBox=\"0 0 576 512\" xmlns=\"http:\/\/www.w3.org\/2000\/svg\"><path d=\"M280.37 148.26L96 300.11V464a16 16 0 0 0 16 16l112.06-.29a16 16 0 0 0 15.92-16V368a16 16 0 0 1 16-16h64a16 16 0 0 1 16 16v95.64a16 16 0 0 0 16 16.05L464 480a16 16 0 0 0 16-16V300L295.67 148.26a12.19 12.19 0 0 0-15.3 0zM571.6 251.47L488 182.56V44.05a12 12 0 0 0-12-12h-56a12 12 0 0 0-12 12v72.61L318.47 43a48 48 0 0 0-61 0L4.34 251.47a12 12 0 0 0-1.6 16.9l25.5 31A12 12 0 0 0 45.15 301l235.22-193.74a12.19 12.19 0 0 1 15.3 0L530.9 301a12 12 0 0 0 16.9-1.6l25.5-31a12 12 0 0 0-1.7-16.93z\"><\/path><\/svg>\t\t\t<\/span>\n\t\t\t\t\t\t\t\t\t<span class=\"elementor-button-text\">Zur Startseite<\/span>\n\t\t\t\t\t<\/span>\n\t\t\t\t\t<\/a>\n\t\t\t\t\t\t\t\t<\/div>\n\t\t\t\t<div class=\"elementor-element elementor-element-471a994 elementor-widget elementor-widget-button\" data-id=\"471a994\" data-element_type=\"widget\" data-e-type=\"widget\" data-widget_type=\"button.default\">\n\t\t\t\t\t\t\t\t\t\t<a class=\"elementor-button elementor-button-link elementor-size-sm elementor-animation-grow\" href=\"https:\/\/au2mator.com\/de\/termin-buchen\/\">\n\t\t\t\t\t\t<span class=\"elementor-button-content-wrapper\">\n\t\t\t\t\t\t<span class=\"elementor-button-icon\">\n\t\t\t\t<svg aria-hidden=\"true\" class=\"e-font-icon-svg e-far-calendar-check\" viewBox=\"0 0 448 512\" xmlns=\"http:\/\/www.w3.org\/2000\/svg\"><path d=\"M400 64h-48V12c0-6.627-5.373-12-12-12h-40c-6.627 0-12 5.373-12 12v52H160V12c0-6.627-5.373-12-12-12h-40c-6.627 0-12 5.373-12 12v52H48C21.49 64 0 85.49 0 112v352c0 26.51 21.49 48 48 48h352c26.51 0 48-21.49 48-48V112c0-26.51-21.49-48-48-48zm-6 400H54a6 6 0 0 1-6-6V160h352v298a6 6 0 0 1-6 6zm-52.849-200.65L198.842 404.519c-4.705 4.667-12.303 4.637-16.971-.068l-75.091-75.699c-4.667-4.705-4.637-12.303.068-16.971l22.719-22.536c4.705-4.667 12.303-4.637 16.97.069l44.104 44.461 111.072-110.181c4.705-4.667 12.303-4.637 16.971.068l22.536 22.718c4.667 4.705 4.636 12.303-.069 16.97z\"><\/path><\/svg>\t\t\t<\/span>\n\t\t\t\t\t\t\t\t\t<span class=\"elementor-button-text\">Termin buchen<\/span>\n\t\t\t\t\t<\/span>\n\t\t\t\t\t<\/a>\n\t\t\t\t\t\t\t\t<\/div>\n\t\t\t\t<\/div>\n\t\t\t\t<\/div>\n\t\t\t\t\t<\/div>\n\t\t\t\t<\/div>\n\t\t\t\t<\/div>\n\t\t","protected":false},"excerpt":{"rendered":"<p>Vielen Dank f\u00fcr den Download Die kostenlose au2mator Community-Version Sie erhalten in K\u00fcrze eine E-Mail mit einem Link zum Herunterladen des au2mator \u2013 Self-Service-Portals. \u00dcberpr\u00fcfen Sie Ihren Posteingang, eine E-Mail von info@au2mator.com sollte dort sein. \u00dcberpr\u00fcfen Sie auch den Junk- Mail-\/SPAM- Ordner. Zur Startseite Termin buchen<\/p>\n","protected":false},"author":1,"featured_media":0,"parent":0,"menu_order":0,"comment_status":"closed","ping_status":"closed","template":"elementor_header_footer","meta":{"inline_featured_image":false,"footnotes":""},"class_list":["post-1597","page","type-page","status-publish","hentry"],"yoast_head":"<!-- This site is optimized with the Yoast SEO plugin v27.1.1 - https:\/\/yoast.com\/product\/yoast-seo-wordpress\/ -->\n<title>Vielen Dank f\u00fcr den Download - au2mator<\/title>\n<meta name=\"robots\" content=\"index, follow, max-snippet:-1, max-image-preview:large, max-video-preview:-1\" \/>\n<link rel=\"canonical\" href=\"https:\/\/au2mator.com\/de\/download-danke\/\" \/>\n<meta property=\"og:locale\" content=\"de_DE\" \/>\n<meta property=\"og:type\" content=\"article\" \/>\n<meta property=\"og:title\" content=\"Vielen Dank f\u00fcr den Download - au2mator\" \/>\n<meta property=\"og:description\" content=\"Vielen Dank f\u00fcr den Download Die kostenlose au2mator Community-Version Sie erhalten in K\u00fcrze eine E-Mail mit einem Link zum Herunterladen des au2mator \u2013 Self-Service-Portals. \u00dcberpr\u00fcfen Sie Ihren Posteingang, eine E-Mail von info@au2mator.com sollte dort sein. \u00dcberpr\u00fcfen Sie auch den Junk- Mail-\/SPAM- Ordner. Zur Startseite Termin buchen\" \/>\n<meta property=\"og:url\" content=\"https:\/\/au2mator.com\/de\/download-danke\/\" \/>\n<meta property=\"og:site_name\" content=\"au2mator\" \/>\n<meta property=\"article:modified_time\" content=\"2026-02-07T11:05:35+00:00\" \/>\n<meta property=\"og:image\" content=\"https:\/\/au2mator.webtrics.at\/wp-content\/uploads\/2026\/01\/MVP_Badge_Horizontal_Preferred_Blue3005_RGB-1-600x242-1.png\" \/>\n<meta name=\"twitter:card\" content=\"summary_large_image\" \/>\n<script type=\"application\/ld+json\" class=\"yoast-schema-graph\">{\"@context\":\"https:\/\/schema.org\",\"@graph\":[{\"@type\":\"WebPage\",\"@id\":\"https:\/\/au2mator.com\/de\/download-danke\/\",\"url\":\"https:\/\/au2mator.com\/de\/download-danke\/\",\"name\":\"Vielen Dank f\u00fcr den Download - au2mator\",\"isPartOf\":{\"@id\":\"https:\/\/au2mator.com\/de\/#website\"},\"primaryImageOfPage\":{\"@id\":\"https:\/\/au2mator.com\/de\/download-danke\/#primaryimage\"},\"image\":{\"@id\":\"https:\/\/au2mator.com\/de\/download-danke\/#primaryimage\"},\"thumbnailUrl\":\"https:\/\/au2mator.webtrics.at\/wp-content\/uploads\/2026\/01\/MVP_Badge_Horizontal_Preferred_Blue3005_RGB-1-600x242-1.png\",\"datePublished\":\"2026-01-20T08:14:09+00:00\",\"dateModified\":\"2026-02-07T11:05:35+00:00\",\"breadcrumb\":{\"@id\":\"https:\/\/au2mator.com\/de\/download-danke\/#breadcrumb\"},\"inLanguage\":\"de\",\"potentialAction\":[{\"@type\":\"ReadAction\",\"target\":[\"https:\/\/au2mator.com\/de\/download-danke\/\"]}]},{\"@type\":\"ImageObject\",\"inLanguage\":\"de\",\"@id\":\"https:\/\/au2mator.com\/de\/download-danke\/#primaryimage\",\"url\":\"https:\/\/au2mator.webtrics.at\/wp-content\/uploads\/2026\/01\/MVP_Badge_Horizontal_Preferred_Blue3005_RGB-1-600x242-1.png\",\"contentUrl\":\"https:\/\/au2mator.webtrics.at\/wp-content\/uploads\/2026\/01\/MVP_Badge_Horizontal_Preferred_Blue3005_RGB-1-600x242-1.png\"},{\"@type\":\"BreadcrumbList\",\"@id\":\"https:\/\/au2mator.com\/de\/download-danke\/#breadcrumb\",\"itemListElement\":[{\"@type\":\"ListItem\",\"position\":1,\"name\":\"Startseite\",\"item\":\"https:\/\/au2mator.com\/de\/home\/\"},{\"@type\":\"ListItem\",\"position\":2,\"name\":\"Vielen Dank f\u00fcr den Download\"}]},{\"@type\":\"WebSite\",\"@id\":\"https:\/\/au2mator.com\/de\/#website\",\"url\":\"https:\/\/au2mator.com\/de\/\",\"name\":\"au2mator\",\"description\":\"\",\"publisher\":{\"@id\":\"https:\/\/au2mator.com\/de\/#organization\"},\"potentialAction\":[{\"@type\":\"SearchAction\",\"target\":{\"@type\":\"EntryPoint\",\"urlTemplate\":\"https:\/\/au2mator.com\/de\/?s={search_term_string}\"},\"query-input\":{\"@type\":\"PropertyValueSpecification\",\"valueRequired\":true,\"valueName\":\"search_term_string\"}}],\"inLanguage\":\"de\"},{\"@type\":\"Organization\",\"@id\":\"https:\/\/au2mator.com\/de\/#organization\",\"name\":\"au2mator\",\"url\":\"https:\/\/au2mator.com\/de\/\",\"logo\":{\"@type\":\"ImageObject\",\"inLanguage\":\"de\",\"@id\":\"https:\/\/au2mator.com\/de\/#\/schema\/logo\/image\/\",\"url\":\"https:\/\/au2mator.com\/wp-content\/uploads\/2026\/01\/HPLogoau2mator-2.png\",\"contentUrl\":\"https:\/\/au2mator.com\/wp-content\/uploads\/2026\/01\/HPLogoau2mator-2.png\",\"width\":396,\"height\":86,\"caption\":\"au2mator\"},\"image\":{\"@id\":\"https:\/\/au2mator.com\/de\/#\/schema\/logo\/image\/\"},\"sameAs\":[\"https:\/\/www.youtube.com\/channel\/UCUdkfOxKtCj0_21WjRv5q-w\",\"https:\/\/www.linkedin.com\/company\/au2mator\/\"]}]}<\/script>\n<!-- \/ Yoast SEO plugin. -->","yoast_head_json":{"title":"Vielen Dank f\u00fcr den Download - au2mator","robots":{"index":"index","follow":"follow","max-snippet":"max-snippet:-1","max-image-preview":"max-image-preview:large","max-video-preview":"max-video-preview:-1"},"canonical":"https:\/\/au2mator.com\/de\/download-danke\/","og_locale":"de_DE","og_type":"article","og_title":"Vielen Dank f\u00fcr den Download - au2mator","og_description":"Vielen Dank f\u00fcr den Download Die kostenlose au2mator Community-Version Sie erhalten in K\u00fcrze eine E-Mail mit einem Link zum Herunterladen des au2mator \u2013 Self-Service-Portals. \u00dcberpr\u00fcfen Sie Ihren Posteingang, eine E-Mail von info@au2mator.com sollte dort sein. \u00dcberpr\u00fcfen Sie auch den Junk- Mail-\/SPAM- Ordner. Zur Startseite Termin buchen","og_url":"https:\/\/au2mator.com\/de\/download-danke\/","og_site_name":"au2mator","article_modified_time":"2026-02-07T11:05:35+00:00","og_image":[{"url":"https:\/\/au2mator.webtrics.at\/wp-content\/uploads\/2026\/01\/MVP_Badge_Horizontal_Preferred_Blue3005_RGB-1-600x242-1.png","type":"","width":"","height":""}],"twitter_card":"summary_large_image","schema":{"@context":"https:\/\/schema.org","@graph":[{"@type":"WebPage","@id":"https:\/\/au2mator.com\/de\/download-danke\/","url":"https:\/\/au2mator.com\/de\/download-danke\/","name":"Vielen Dank f\u00fcr den Download - au2mator","isPartOf":{"@id":"https:\/\/au2mator.com\/de\/#website"},"primaryImageOfPage":{"@id":"https:\/\/au2mator.com\/de\/download-danke\/#primaryimage"},"image":{"@id":"https:\/\/au2mator.com\/de\/download-danke\/#primaryimage"},"thumbnailUrl":"https:\/\/au2mator.webtrics.at\/wp-content\/uploads\/2026\/01\/MVP_Badge_Horizontal_Preferred_Blue3005_RGB-1-600x242-1.png","datePublished":"2026-01-20T08:14:09+00:00","dateModified":"2026-02-07T11:05:35+00:00","breadcrumb":{"@id":"https:\/\/au2mator.com\/de\/download-danke\/#breadcrumb"},"inLanguage":"de","potentialAction":[{"@type":"ReadAction","target":["https:\/\/au2mator.com\/de\/download-danke\/"]}]},{"@type":"ImageObject","inLanguage":"de","@id":"https:\/\/au2mator.com\/de\/download-danke\/#primaryimage","url":"https:\/\/au2mator.webtrics.at\/wp-content\/uploads\/2026\/01\/MVP_Badge_Horizontal_Preferred_Blue3005_RGB-1-600x242-1.png","contentUrl":"https:\/\/au2mator.webtrics.at\/wp-content\/uploads\/2026\/01\/MVP_Badge_Horizontal_Preferred_Blue3005_RGB-1-600x242-1.png"},{"@type":"BreadcrumbList","@id":"https:\/\/au2mator.com\/de\/download-danke\/#breadcrumb","itemListElement":[{"@type":"ListItem","position":1,"name":"Startseite","item":"https:\/\/au2mator.com\/de\/home\/"},{"@type":"ListItem","position":2,"name":"Vielen Dank f\u00fcr den Download"}]},{"@type":"WebSite","@id":"https:\/\/au2mator.com\/de\/#website","url":"https:\/\/au2mator.com\/de\/","name":"au2mator","description":"","publisher":{"@id":"https:\/\/au2mator.com\/de\/#organization"},"potentialAction":[{"@type":"SearchAction","target":{"@type":"EntryPoint","urlTemplate":"https:\/\/au2mator.com\/de\/?s={search_term_string}"},"query-input":{"@type":"PropertyValueSpecification","valueRequired":true,"valueName":"search_term_string"}}],"inLanguage":"de"},{"@type":"Organization","@id":"https:\/\/au2mator.com\/de\/#organization","name":"au2mator","url":"https:\/\/au2mator.com\/de\/","logo":{"@type":"ImageObject","inLanguage":"de","@id":"https:\/\/au2mator.com\/de\/#\/schema\/logo\/image\/","url":"https:\/\/au2mator.com\/wp-content\/uploads\/2026\/01\/HPLogoau2mator-2.png","contentUrl":"https:\/\/au2mator.com\/wp-content\/uploads\/2026\/01\/HPLogoau2mator-2.png","width":396,"height":86,"caption":"au2mator"},"image":{"@id":"https:\/\/au2mator.com\/de\/#\/schema\/logo\/image\/"},"sameAs":["https:\/\/www.youtube.com\/channel\/UCUdkfOxKtCj0_21WjRv5q-w","https:\/\/www.linkedin.com\/company\/au2mator\/"]}]}},"_links":{"self":[{"href":"https:\/\/au2mator.com\/de\/wp-json\/wp\/v2\/pages\/1597","targetHints":{"allow":["GET"]}}],"collection":[{"href":"https:\/\/au2mator.com\/de\/wp-json\/wp\/v2\/pages"}],"about":[{"href":"https:\/\/au2mator.com\/de\/wp-json\/wp\/v2\/types\/page"}],"author":[{"embeddable":true,"href":"https:\/\/au2mator.com\/de\/wp-json\/wp\/v2\/users\/1"}],"replies":[{"embeddable":true,"href":"https:\/\/au2mator.com\/de\/wp-json\/wp\/v2\/comments?post=1597"}],"version-history":[{"count":1,"href":"https:\/\/au2mator.com\/de\/wp-json\/wp\/v2\/pages\/1597\/revisions"}],"predecessor-version":[{"id":1598,"href":"https:\/\/au2mator.com\/de\/wp-json\/wp\/v2\/pages\/1597\/revisions\/1598"}],"wp:attachment":[{"href":"https:\/\/au2mator.com\/de\/wp-json\/wp\/v2\/media?parent=1597"}],"curies":[{"name":"wp","href":"https:\/\/api.w.org\/{rel}","templated":true}]}}