{"id":1316,"date":"2026-01-16T12:55:39","date_gmt":"2026-01-16T11:55:39","guid":{"rendered":"https:\/\/au2mator.webtrics.at\/buchen-sie-einen-anruf\/"},"modified":"2026-02-11T08:54:37","modified_gmt":"2026-02-11T07:54:37","slug":"termin-buchen","status":"publish","type":"page","link":"https:\/\/au2mator.com\/de\/termin-buchen\/","title":{"rendered":"Termin buchen"},"content":{"rendered":"\t\t<div data-elementor-type=\"wp-page\" data-elementor-id=\"1316\" class=\"elementor elementor-1316 elementor-322\" data-elementor-post-type=\"page\">\n\t\t\t\t<div class=\"elementor-element elementor-element-3a209b2 e-flex e-con-boxed e-con e-parent\" data-id=\"3a209b2\" data-element_type=\"container\" data-e-type=\"container\" data-settings=\"{&quot;background_background&quot;:&quot;gradient&quot;}\">\n\t\t\t\t\t<div class=\"e-con-inner\">\n\t\t<div class=\"elementor-element elementor-element-d6c7d06 e-con-full e-flex e-con e-child\" data-id=\"d6c7d06\" data-element_type=\"container\" data-e-type=\"container\">\n\t\t\t\t<div class=\"elementor-element elementor-element-e7f8141 elementor-widget__width-initial elementor-widget elementor-widget-text-editor\" data-id=\"e7f8141\" data-element_type=\"widget\" data-e-type=\"widget\" data-widget_type=\"text-editor.default\">\n\t\t\t\t\t\t\t\t\t<p>Lassen Sie uns \u00fcber Automatisierung sprechen.<\/p>\t\t\t\t\t\t\t\t<\/div>\n\t\t\t\t<div class=\"elementor-element elementor-element-2838803 elementor-widget elementor-widget-heading\" data-id=\"2838803\" data-element_type=\"widget\" data-e-type=\"widget\" data-widget_type=\"heading.default\">\n\t\t\t\t\t<h1 class=\"elementor-heading-title elementor-size-default\">Termin buchen<\/h1>\t\t\t\t<\/div>\n\t\t\t\t<div class=\"elementor-element elementor-element-1e1b65a elementor-widget elementor-widget-text-editor\" data-id=\"1e1b65a\" data-element_type=\"widget\" data-e-type=\"widget\" data-widget_type=\"text-editor.default\">\n\t\t\t\t\t\t\t\t\t<p>Vereinbaren Sie einen 30-min\u00fctigen Anruf mit unseren Automatisierungsexperten. Erz\u00e4hlen Sie uns von Ihren Zielen und Herausforderungen, und wir zeigen Ihnen, wie au2mator Ihre IT-Workflows optimieren kann. W\u00e4hlen Sie einen f\u00fcr Sie passenden Zeitpunkt \u2013 unverbindlich.<\/p>\t\t\t\t\t\t\t\t<\/div>\n\t\t\t\t<\/div>\n\t\t<div class=\"elementor-element elementor-element-cad8556 e-con-full e-flex e-con e-child\" data-id=\"cad8556\" data-element_type=\"container\" data-e-type=\"container\">\n\t\t<div class=\"elementor-element elementor-element-6860186 e-con-full e-flex e-con e-child\" data-id=\"6860186\" data-element_type=\"container\" data-e-type=\"container\" data-settings=\"{&quot;background_background&quot;:&quot;classic&quot;}\">\n\t\t\t\t<div class=\"elementor-element elementor-element-f1c96fd elementor-widget elementor-widget-html\" data-id=\"f1c96fd\" data-element_type=\"widget\" data-e-type=\"widget\" data-widget_type=\"html.default\">\n\t\t\t\t\t<!-- Calendly inline widget begin -->\r\n<div class=\"calendly-inline-widget calendly-responsive\" data-url=\"https:\/\/calendly.com\/au2mator-michael-seidl\/au2mator-talk-de?hide_gdpr_banner=1\">\r\n<\/div>\r\n<script src=\"https:\/\/assets.calendly.com\/assets\/external\/widget.js\" async=\"\"><\/script>\r\n<!-- Calendly inline widget end -->\r\n\t\t\t\t<\/div>\n\t\t\t\t<\/div>\n\t\t\t\t<\/div>\n\t\t\t\t\t<\/div>\n\t\t\t\t<\/div>\n\t\t\t\t<\/div>\n\t\t","protected":false},"excerpt":{"rendered":"<p>Lassen Sie uns \u00fcber Automatisierung sprechen. Termin buchen Vereinbaren Sie einen 30-min\u00fctigen Anruf mit unseren Automatisierungsexperten. Erz\u00e4hlen Sie uns von Ihren Zielen und Herausforderungen, und wir zeigen Ihnen, wie au2mator Ihre IT-Workflows optimieren kann. W\u00e4hlen Sie einen f\u00fcr Sie passenden Zeitpunkt \u2013 unverbindlich.<\/p>\n","protected":false},"author":1,"featured_media":0,"parent":0,"menu_order":0,"comment_status":"closed","ping_status":"closed","template":"elementor_header_footer","meta":{"inline_featured_image":false,"footnotes":""},"class_list":["post-1316","page","type-page","status-publish","hentry"],"yoast_head":"<!-- This site is optimized with the Yoast SEO plugin v27.1.1 - https:\/\/yoast.com\/product\/yoast-seo-wordpress\/ -->\n<title>Termin buchen - au2mator<\/title>\n<meta name=\"robots\" content=\"index, follow, max-snippet:-1, max-image-preview:large, max-video-preview:-1\" \/>\n<link rel=\"canonical\" href=\"https:\/\/au2mator.com\/de\/termin-buchen\/\" \/>\n<meta property=\"og:locale\" content=\"de_DE\" \/>\n<meta property=\"og:type\" content=\"article\" \/>\n<meta property=\"og:title\" content=\"Termin buchen - au2mator\" \/>\n<meta property=\"og:description\" content=\"Lassen Sie uns \u00fcber Automatisierung sprechen. Termin buchen Vereinbaren Sie einen 30-min\u00fctigen Anruf mit unseren Automatisierungsexperten. Erz\u00e4hlen Sie uns von Ihren Zielen und Herausforderungen, und wir zeigen Ihnen, wie au2mator Ihre IT-Workflows optimieren kann. W\u00e4hlen Sie einen f\u00fcr Sie passenden Zeitpunkt \u2013 unverbindlich.\" \/>\n<meta property=\"og:url\" content=\"https:\/\/au2mator.com\/de\/termin-buchen\/\" \/>\n<meta property=\"og:site_name\" content=\"au2mator\" \/>\n<meta property=\"article:modified_time\" content=\"2026-02-11T07:54:37+00:00\" \/>\n<meta name=\"twitter:card\" content=\"summary_large_image\" \/>\n<meta name=\"twitter:label1\" content=\"Gesch\u00e4tzte Lesezeit\" \/>\n\t<meta name=\"twitter:data1\" content=\"1\u00a0Minute\" \/>\n<script type=\"application\/ld+json\" class=\"yoast-schema-graph\">{\"@context\":\"https:\/\/schema.org\",\"@graph\":[{\"@type\":\"WebPage\",\"@id\":\"https:\/\/au2mator.com\/de\/termin-buchen\/\",\"url\":\"https:\/\/au2mator.com\/de\/termin-buchen\/\",\"name\":\"Termin buchen - au2mator\",\"isPartOf\":{\"@id\":\"https:\/\/au2mator.com\/de\/#website\"},\"datePublished\":\"2026-01-16T11:55:39+00:00\",\"dateModified\":\"2026-02-11T07:54:37+00:00\",\"breadcrumb\":{\"@id\":\"https:\/\/au2mator.com\/de\/termin-buchen\/#breadcrumb\"},\"inLanguage\":\"de\",\"potentialAction\":[{\"@type\":\"ReadAction\",\"target\":[\"https:\/\/au2mator.com\/de\/termin-buchen\/\"]}]},{\"@type\":\"BreadcrumbList\",\"@id\":\"https:\/\/au2mator.com\/de\/termin-buchen\/#breadcrumb\",\"itemListElement\":[{\"@type\":\"ListItem\",\"position\":1,\"name\":\"Startseite\",\"item\":\"https:\/\/au2mator.com\/de\/home\/\"},{\"@type\":\"ListItem\",\"position\":2,\"name\":\"Termin buchen\"}]},{\"@type\":\"WebSite\",\"@id\":\"https:\/\/au2mator.com\/de\/#website\",\"url\":\"https:\/\/au2mator.com\/de\/\",\"name\":\"au2mator\",\"description\":\"\",\"publisher\":{\"@id\":\"https:\/\/au2mator.com\/de\/#organization\"},\"potentialAction\":[{\"@type\":\"SearchAction\",\"target\":{\"@type\":\"EntryPoint\",\"urlTemplate\":\"https:\/\/au2mator.com\/de\/?s={search_term_string}\"},\"query-input\":{\"@type\":\"PropertyValueSpecification\",\"valueRequired\":true,\"valueName\":\"search_term_string\"}}],\"inLanguage\":\"de\"},{\"@type\":\"Organization\",\"@id\":\"https:\/\/au2mator.com\/de\/#organization\",\"name\":\"au2mator\",\"url\":\"https:\/\/au2mator.com\/de\/\",\"logo\":{\"@type\":\"ImageObject\",\"inLanguage\":\"de\",\"@id\":\"https:\/\/au2mator.com\/de\/#\/schema\/logo\/image\/\",\"url\":\"https:\/\/au2mator.com\/wp-content\/uploads\/2026\/01\/HPLogoau2mator-2.png\",\"contentUrl\":\"https:\/\/au2mator.com\/wp-content\/uploads\/2026\/01\/HPLogoau2mator-2.png\",\"width\":396,\"height\":86,\"caption\":\"au2mator\"},\"image\":{\"@id\":\"https:\/\/au2mator.com\/de\/#\/schema\/logo\/image\/\"},\"sameAs\":[\"https:\/\/www.youtube.com\/channel\/UCUdkfOxKtCj0_21WjRv5q-w\",\"https:\/\/www.linkedin.com\/company\/au2mator\/\"]}]}<\/script>\n<!-- \/ Yoast SEO plugin. -->","yoast_head_json":{"title":"Termin buchen - au2mator","robots":{"index":"index","follow":"follow","max-snippet":"max-snippet:-1","max-image-preview":"max-image-preview:large","max-video-preview":"max-video-preview:-1"},"canonical":"https:\/\/au2mator.com\/de\/termin-buchen\/","og_locale":"de_DE","og_type":"article","og_title":"Termin buchen - au2mator","og_description":"Lassen Sie uns \u00fcber Automatisierung sprechen. Termin buchen Vereinbaren Sie einen 30-min\u00fctigen Anruf mit unseren Automatisierungsexperten. Erz\u00e4hlen Sie uns von Ihren Zielen und Herausforderungen, und wir zeigen Ihnen, wie au2mator Ihre IT-Workflows optimieren kann. W\u00e4hlen Sie einen f\u00fcr Sie passenden Zeitpunkt \u2013 unverbindlich.","og_url":"https:\/\/au2mator.com\/de\/termin-buchen\/","og_site_name":"au2mator","article_modified_time":"2026-02-11T07:54:37+00:00","twitter_card":"summary_large_image","twitter_misc":{"Gesch\u00e4tzte Lesezeit":"1\u00a0Minute"},"schema":{"@context":"https:\/\/schema.org","@graph":[{"@type":"WebPage","@id":"https:\/\/au2mator.com\/de\/termin-buchen\/","url":"https:\/\/au2mator.com\/de\/termin-buchen\/","name":"Termin buchen - au2mator","isPartOf":{"@id":"https:\/\/au2mator.com\/de\/#website"},"datePublished":"2026-01-16T11:55:39+00:00","dateModified":"2026-02-11T07:54:37+00:00","breadcrumb":{"@id":"https:\/\/au2mator.com\/de\/termin-buchen\/#breadcrumb"},"inLanguage":"de","potentialAction":[{"@type":"ReadAction","target":["https:\/\/au2mator.com\/de\/termin-buchen\/"]}]},{"@type":"BreadcrumbList","@id":"https:\/\/au2mator.com\/de\/termin-buchen\/#breadcrumb","itemListElement":[{"@type":"ListItem","position":1,"name":"Startseite","item":"https:\/\/au2mator.com\/de\/home\/"},{"@type":"ListItem","position":2,"name":"Termin buchen"}]},{"@type":"WebSite","@id":"https:\/\/au2mator.com\/de\/#website","url":"https:\/\/au2mator.com\/de\/","name":"au2mator","description":"","publisher":{"@id":"https:\/\/au2mator.com\/de\/#organization"},"potentialAction":[{"@type":"SearchAction","target":{"@type":"EntryPoint","urlTemplate":"https:\/\/au2mator.com\/de\/?s={search_term_string}"},"query-input":{"@type":"PropertyValueSpecification","valueRequired":true,"valueName":"search_term_string"}}],"inLanguage":"de"},{"@type":"Organization","@id":"https:\/\/au2mator.com\/de\/#organization","name":"au2mator","url":"https:\/\/au2mator.com\/de\/","logo":{"@type":"ImageObject","inLanguage":"de","@id":"https:\/\/au2mator.com\/de\/#\/schema\/logo\/image\/","url":"https:\/\/au2mator.com\/wp-content\/uploads\/2026\/01\/HPLogoau2mator-2.png","contentUrl":"https:\/\/au2mator.com\/wp-content\/uploads\/2026\/01\/HPLogoau2mator-2.png","width":396,"height":86,"caption":"au2mator"},"image":{"@id":"https:\/\/au2mator.com\/de\/#\/schema\/logo\/image\/"},"sameAs":["https:\/\/www.youtube.com\/channel\/UCUdkfOxKtCj0_21WjRv5q-w","https:\/\/www.linkedin.com\/company\/au2mator\/"]}]}},"_links":{"self":[{"href":"https:\/\/au2mator.com\/de\/wp-json\/wp\/v2\/pages\/1316","targetHints":{"allow":["GET"]}}],"collection":[{"href":"https:\/\/au2mator.com\/de\/wp-json\/wp\/v2\/pages"}],"about":[{"href":"https:\/\/au2mator.com\/de\/wp-json\/wp\/v2\/types\/page"}],"author":[{"embeddable":true,"href":"https:\/\/au2mator.com\/de\/wp-json\/wp\/v2\/users\/1"}],"replies":[{"embeddable":true,"href":"https:\/\/au2mator.com\/de\/wp-json\/wp\/v2\/comments?post=1316"}],"version-history":[{"count":3,"href":"https:\/\/au2mator.com\/de\/wp-json\/wp\/v2\/pages\/1316\/revisions"}],"predecessor-version":[{"id":1366,"href":"https:\/\/au2mator.com\/de\/wp-json\/wp\/v2\/pages\/1316\/revisions\/1366"}],"wp:attachment":[{"href":"https:\/\/au2mator.com\/de\/wp-json\/wp\/v2\/media?parent=1316"}],"curies":[{"name":"wp","href":"https:\/\/api.w.org\/{rel}","templated":true}]}}